{"id":608,"date":"2022-11-22T15:33:56","date_gmt":"2022-11-22T14:33:56","guid":{"rendered":"https:\/\/rhodium-conseil.fr\/index.php\/workshop-1\/"},"modified":"2026-02-23T14:44:37","modified_gmt":"2026-02-23T13:44:37","slug":"workshop-1","status":"publish","type":"page","link":"https:\/\/rhodium-conseil.fr\/index.php\/solutions\/workshop-1\/","title":{"rendered":"Workshop 1"},"content":{"rendered":"\t\t<div data-elementor-type=\"wp-page\" data-elementor-id=\"608\" class=\"elementor elementor-608\">\n\t\t\t\t\t\t<section class=\"elementor-section elementor-top-section elementor-element elementor-element-1acf110 elementor-section-boxed elementor-section-height-default elementor-section-height-default\" data-id=\"1acf110\" data-element_type=\"section\" data-e-type=\"section\">\n\t\t\t\t\t\t<div class=\"elementor-container elementor-column-gap-default\">\n\t\t\t\t\t<div class=\"elementor-column elementor-col-100 elementor-top-column elementor-element elementor-element-92564a5\" data-id=\"92564a5\" data-element_type=\"column\" data-e-type=\"column\">\n\t\t\t<div class=\"elementor-widget-wrap elementor-element-populated\">\n\t\t\t\t\t\t<div class=\"elementor-element elementor-element-0dda024 elementor-widget elementor-widget-heading\" data-id=\"0dda024\" data-element_type=\"widget\" data-e-type=\"widget\" data-widget_type=\"heading.default\">\n\t\t\t\t<div class=\"elementor-widget-container\">\n\t\t\t\t\t<h2 class=\"elementor-heading-title elementor-size-xxl\">Diagnostic ROC<\/h2>\t\t\t\t<\/div>\n\t\t\t\t<\/div>\n\t\t\t\t\t<\/div>\n\t\t<\/div>\n\t\t\t\t\t<\/div>\n\t\t<\/section>\n\t\t<div class=\"elementor-element elementor-element-340fc1c e-flex e-con-boxed e-con e-parent\" data-id=\"340fc1c\" data-element_type=\"container\" data-e-type=\"container\">\n\t\t\t\t\t<div class=\"e-con-inner\">\n\t\t<div class=\"elementor-element elementor-element-f6279bf e-con-full e-flex e-con e-child\" data-id=\"f6279bf\" data-element_type=\"container\" data-e-type=\"container\">\n\t\t\t\t<div class=\"elementor-element elementor-element-c09ccdc elementor-widget elementor-widget-text-editor\" data-id=\"c09ccdc\" data-element_type=\"widget\" data-e-type=\"widget\" data-widget_type=\"text-editor.default\">\n\t\t\t\t<div class=\"elementor-widget-container\">\n\t\t\t\t\t\t\t\t\t<h3 style=\"text-align: center;\"><span style=\"text-decoration: underline;\">Clarification &amp; cadrage<\/span><\/h3><p style=\"text-align: center;\" data-start=\"145\" data-end=\"190\">Avant d\u2019agir, il est essentiel de comprendre.<\/p><p style=\"text-align: center;\" data-start=\"192\" data-end=\"377\">Le Diagnostic ROC est la porte d\u2019entr\u00e9e de tous mes accompagnements.<\/p><p style=\"text-align: center;\" data-start=\"192\" data-end=\"377\">Il permet de poser un regard structur\u00e9 et lucide sur une situation manag\u00e9riale ou collective avant toute d\u00e9cision.<\/p>\t\t\t\t\t\t\t\t<\/div>\n\t\t\t\t<\/div>\n\t\t\t\t<\/div>\n\t\t\t\t\t<\/div>\n\t\t\t\t<\/div>\n\t\t<div class=\"elementor-element elementor-element-ac0fac2 e-flex e-con-boxed e-con e-parent\" data-id=\"ac0fac2\" data-element_type=\"container\" data-e-type=\"container\">\n\t\t\t\t\t<div class=\"e-con-inner\">\n\t\t<div class=\"elementor-element elementor-element-2a6948a e-con-full e-flex e-con e-child\" data-id=\"2a6948a\" data-element_type=\"container\" data-e-type=\"container\">\n\t\t\t\t<div class=\"elementor-element elementor-element-c4a46a2 elementor-widget elementor-widget-image\" data-id=\"c4a46a2\" data-element_type=\"widget\" data-e-type=\"widget\" data-widget_type=\"image.default\">\n\t\t\t\t<div class=\"elementor-widget-container\">\n\t\t\t\t\t\t\t\t\t\t\t\t\t\t\t<img fetchpriority=\"high\" decoding=\"async\" width=\"476\" height=\"340\" src=\"https:\/\/rhodium-conseil.fr\/wp-content\/uploads\/2024\/06\/success-7606514__340.webp\" class=\"attachment-medium_large size-medium_large wp-image-1985\" alt=\"\" srcset=\"https:\/\/rhodium-conseil.fr\/wp-content\/uploads\/2024\/06\/success-7606514__340.webp 476w, https:\/\/rhodium-conseil.fr\/wp-content\/uploads\/2024\/06\/success-7606514__340-300x214.webp 300w\" sizes=\"(max-width: 476px) 100vw, 476px\" \/>\t\t\t\t\t\t\t\t\t\t\t\t\t\t\t<\/div>\n\t\t\t\t<\/div>\n\t\t\t\t<\/div>\n\t\t<div class=\"elementor-element elementor-element-12befcd e-con-full e-flex e-con e-child\" data-id=\"12befcd\" data-element_type=\"container\" data-e-type=\"container\">\n\t\t\t\t<div class=\"elementor-element elementor-element-964c2ec elementor-widget elementor-widget-text-editor\" data-id=\"964c2ec\" data-element_type=\"widget\" data-e-type=\"widget\" data-widget_type=\"text-editor.default\">\n\t\t\t\t<div class=\"elementor-widget-container\">\n\t\t\t\t\t\t\t\t\t<h4 data-start=\"384\" data-end=\"424\">Pourquoi r\u00e9aliser un Diagnostic ?<\/h4><p data-start=\"426\" data-end=\"435\">Lorsque :<\/p><ul><li style=\"list-style-type: none;\"><ul><li style=\"list-style-type: none;\"><ul><li style=\"list-style-type: none;\"><ul data-start=\"437\" data-end=\"668\"><li data-start=\"437\" data-end=\"480\"><p data-start=\"439\" data-end=\"480\">des tensions relationnelles persistent,<\/p><\/li><li data-start=\"481\" data-end=\"525\"><p data-start=\"483\" data-end=\"525\">les r\u00f4les et responsabilit\u00e9s sont flous,<\/p><\/li><li data-start=\"526\" data-end=\"573\"><p data-start=\"528\" data-end=\"573\">les managers se sentent isol\u00e9s ou d\u00e9bord\u00e9s,<\/p><\/li><li data-start=\"574\" data-end=\"619\"><p data-start=\"576\" data-end=\"619\">une transformation cr\u00e9e de l\u2019incertitude,<\/p><\/li><li data-start=\"620\" data-end=\"668\"><p data-start=\"622\" data-end=\"668\">les d\u00e9cisions peinent \u00e0 \u00eatre suivies d\u2019effets.<\/p><\/li><\/ul><\/li><\/ul><\/li><\/ul><\/li><\/ul><p style=\"text-align: center;\" data-start=\"670\" data-end=\"755\"><strong>Le diagnostic permet de sortir des impressions et d\u2019identifier les v\u00e9ritables enjeux.<\/strong><\/p>\t\t\t\t\t\t\t\t<\/div>\n\t\t\t\t<\/div>\n\t\t\t\t<\/div>\n\t\t\t\t\t<\/div>\n\t\t\t\t<\/div>\n\t\t<div class=\"elementor-element elementor-element-bc8b900 e-flex e-con-boxed e-con e-parent\" data-id=\"bc8b900\" data-element_type=\"container\" data-e-type=\"container\">\n\t\t\t\t\t<div class=\"e-con-inner\">\n\t\t<div class=\"elementor-element elementor-element-7d1a191 e-con-full e-flex e-con e-child\" data-id=\"7d1a191\" data-element_type=\"container\" data-e-type=\"container\">\n\t\t\t\t<div class=\"elementor-element elementor-element-aa5ee2d elementor-widget elementor-widget-text-editor\" data-id=\"aa5ee2d\" data-element_type=\"widget\" data-e-type=\"widget\" data-widget_type=\"text-editor.default\">\n\t\t\t\t<div class=\"elementor-widget-container\">\n\t\t\t\t\t\t\t\t\t<h4>Concr\u00e8tement<\/h4><p data-start=\"779\" data-end=\"807\">Le Diagnostic ROC comprend :<\/p><p data-start=\"779\" data-end=\"807\">\u00a0<\/p><ul><li style=\"list-style-type: none;\"><ul data-start=\"809\" data-end=\"979\"><li data-start=\"809\" data-end=\"861\"><p data-start=\"811\" data-end=\"861\">des entretiens cibl\u00e9s (dirigeant, RH, managers),<\/p><\/li><\/ul><\/li><\/ul><div>\u00a0<\/div><ul><li style=\"list-style-type: none;\"><ul data-start=\"809\" data-end=\"979\"><li data-start=\"862\" data-end=\"916\"><p data-start=\"864\" data-end=\"916\">une analyse structur\u00e9e \u00e0 partir de la m\u00e9thode ROC,<\/p><\/li><\/ul><\/li><\/ul><div>\u00a0<\/div><ul><li style=\"list-style-type: none;\"><ul data-start=\"809\" data-end=\"979\"><li data-start=\"917\" data-end=\"979\"><p data-start=\"919\" data-end=\"979\">une restitution claire avec recommandations op\u00e9rationnelles.<\/p><\/li><\/ul><\/li><\/ul><div>\u00a0<\/div><div>\u00a0<\/div><div><div>\u00a0<\/div><\/div>\t\t\t\t\t\t\t\t<\/div>\n\t\t\t\t<\/div>\n\t\t\t\t<\/div>\n\t\t<div class=\"elementor-element elementor-element-be8b03f e-con-full e-flex e-con e-child\" data-id=\"be8b03f\" data-element_type=\"container\" data-e-type=\"container\">\n\t\t\t\t<div class=\"elementor-element elementor-element-47a9ce2 elementor-widget elementor-widget-image\" data-id=\"47a9ce2\" data-element_type=\"widget\" data-e-type=\"widget\" data-widget_type=\"image.default\">\n\t\t\t\t<div class=\"elementor-widget-container\">\n\t\t\t\t\t\t\t\t\t\t\t\t\t\t\t<img decoding=\"async\" width=\"511\" height=\"340\" src=\"https:\/\/rhodium-conseil.fr\/wp-content\/uploads\/2022\/11\/office.jpg\" class=\"attachment-large size-large wp-image-698\" alt=\"\" srcset=\"https:\/\/rhodium-conseil.fr\/wp-content\/uploads\/2022\/11\/office.jpg 511w, https:\/\/rhodium-conseil.fr\/wp-content\/uploads\/2022\/11\/office-300x200.jpg 300w\" sizes=\"(max-width: 511px) 100vw, 511px\" \/>\t\t\t\t\t\t\t\t\t\t\t\t\t\t\t<\/div>\n\t\t\t\t<\/div>\n\t\t\t\t<\/div>\n\t\t\t\t\t<\/div>\n\t\t\t\t<\/div>\n\t\t<div class=\"elementor-element elementor-element-f86f573 e-flex e-con-boxed e-con e-parent\" data-id=\"f86f573\" data-element_type=\"container\" data-e-type=\"container\">\n\t\t\t\t\t<div class=\"e-con-inner\">\n\t\t\t\t<div class=\"elementor-element elementor-element-20d6b97 elementor-widget elementor-widget-text-editor\" data-id=\"20d6b97\" data-element_type=\"widget\" data-e-type=\"widget\" data-widget_type=\"text-editor.default\">\n\t\t\t\t<div class=\"elementor-widget-container\">\n\t\t\t\t\t\t\t\t\t<h4 style=\"text-align: center;\">Et pour quels b\u00e9n\u00e9fices ?<\/h4><ul><li style=\"list-style-type: none;\"><ul><li style=\"list-style-type: none;\"><ul><li style=\"list-style-type: none;\"><ul style=\"padding-left: 15px; list-style: outside none disc;\" data-start=\"809\" data-end=\"979\"><li data-start=\"1010\" data-end=\"1049\"><p data-start=\"1012\" data-end=\"1049\">Une vision partag\u00e9e de la situation<\/p><\/li><\/ul><\/li><\/ul><\/li><\/ul><\/li><\/ul><div style=\"padding-left: 80px;\">\u00a0<\/div><ul><li style=\"list-style-type: none;\"><ul><li style=\"list-style-type: none;\"><ul><li style=\"list-style-type: none;\"><ul style=\"padding-left: 15px; list-style: outside none disc;\" data-start=\"809\" data-end=\"979\"><li data-start=\"1050\" data-end=\"1078\"><p data-start=\"1052\" data-end=\"1078\">Des priorit\u00e9s clarifi\u00e9es<\/p><\/li><\/ul><\/li><\/ul><\/li><\/ul><\/li><\/ul><div style=\"padding-left: 80px;\">\u00a0<\/div><ul><li style=\"list-style-type: none;\"><ul><li style=\"list-style-type: none;\"><ul><li style=\"list-style-type: none;\"><ul style=\"padding-left: 15px; list-style: outside none disc;\" data-start=\"809\" data-end=\"979\"><li data-start=\"1079\" data-end=\"1105\"><p data-start=\"1081\" data-end=\"1105\">Un cadre d\u2019action pos\u00e9<\/p><\/li><\/ul><\/li><\/ul><\/li><\/ul><\/li><\/ul><div style=\"padding-left: 80px;\">\u00a0<\/div><ul><li style=\"list-style-type: none;\"><ul><li style=\"list-style-type: none;\"><ul><li style=\"list-style-type: none;\"><ul style=\"padding-left: 15px; list-style: outside none disc;\" data-start=\"809\" data-end=\"979\"><li data-start=\"1106\" data-end=\"1215\"><p data-start=\"1108\" data-end=\"1215\">Une d\u00e9cision \u00e9clair\u00e9e sur la suite : coaching individuel, accompagnement collectif ou parcours exp\u00e9rientiel.<\/p><\/li><\/ul><\/li><\/ul><\/li><\/ul><\/li><\/ul><div style=\"padding-left: 80px;\">\u00a0<\/div>\t\t\t\t\t\t\t\t<\/div>\n\t\t\t\t<\/div>\n\t\t\t\t\t<\/div>\n\t\t\t\t<\/div>\n\t\t<div class=\"elementor-element elementor-element-bb92646 e-flex e-con-boxed e-con e-parent\" data-id=\"bb92646\" data-element_type=\"container\" data-e-type=\"container\">\n\t\t\t\t\t<div class=\"e-con-inner\">\n\t\t\t\t<div class=\"elementor-element elementor-element-2167548 elementor-widget elementor-widget-text-editor\" data-id=\"2167548\" data-element_type=\"widget\" data-e-type=\"widget\" data-widget_type=\"text-editor.default\">\n\t\t\t\t<div class=\"elementor-widget-container\">\n\t\t\t\t\t\t\t\t\t<h4 style=\"text-align: center;\" data-start=\"1222\" data-end=\"1248\">Un principe fondamental<\/h4><p style=\"text-align: center;\" data-start=\"1250\" data-end=\"1357\">Je n\u2019interviens jamais sans clarification pr\u00e9alable.<\/p><p style=\"text-align: center;\" data-start=\"1250\" data-end=\"1357\">Les formats s\u2019adaptent aux enjeux, jamais l\u2019inverse.<\/p>\t\t\t\t\t\t\t\t<\/div>\n\t\t\t\t<\/div>\n\t\t\t\t\t<\/div>\n\t\t\t\t<\/div>\n\t\t<div class=\"elementor-element elementor-element-f4a4bef e-flex e-con-boxed e-con e-parent\" data-id=\"f4a4bef\" data-element_type=\"container\" data-e-type=\"container\">\n\t\t\t\t\t<div class=\"e-con-inner\">\n\t\t\t\t<div class=\"elementor-element elementor-element-b081e4d elementor-invisible elementor-widget elementor-widget-button\" data-id=\"b081e4d\" data-element_type=\"widget\" data-e-type=\"widget\" data-settings=\"{&quot;_animation&quot;:&quot;pulse&quot;}\" data-widget_type=\"button.default\">\n\t\t\t\t<div class=\"elementor-widget-container\">\n\t\t\t\t\t\t\t\t\t<div class=\"elementor-button-wrapper\">\n\t\t\t\t\t<a class=\"elementor-button elementor-button-link elementor-size-sm\" href=\"https:\/\/calendar.app.google\/Fj1oCPMuKygdoDJS6\">\n\t\t\t\t\t\t<span class=\"elementor-button-content-wrapper\">\n\t\t\t\t\t\t\t\t\t<span class=\"elementor-button-text\">Demandez un \u00e9change exploratoire<\/span>\n\t\t\t\t\t<\/span>\n\t\t\t\t\t<\/a>\n\t\t\t\t<\/div>\n\t\t\t\t\t\t\t\t<\/div>\n\t\t\t\t<\/div>\n\t\t\t\t\t<\/div>\n\t\t\t\t<\/div>\n\t\t\t\t<\/div>\n\t\t","protected":false},"excerpt":{"rendered":"<p>Diagnostic ROC Clarification &amp; cadrage Avant d\u2019agir, il est essentiel de comprendre. Le Diagnostic ROC est la porte d\u2019entr\u00e9e de tous mes accompagnements. Il permet de poser un regard structur\u00e9 et lucide sur une situation manag\u00e9riale ou collective avant toute d\u00e9cision. Pourquoi r\u00e9aliser un Diagnostic ? Lorsque : des tensions relationnelles persistent, les r\u00f4les et&hellip;&nbsp;<a href=\"https:\/\/rhodium-conseil.fr\/index.php\/solutions\/workshop-1\/\" rel=\"bookmark\">Lire la suite &raquo;<span class=\"screen-reader-text\">Workshop 1<\/span><\/a><\/p>\n","protected":false},"author":1,"featured_media":611,"parent":55,"menu_order":1,"comment_status":"closed","ping_status":"closed","template":"elementor_header_footer","meta":{"neve_meta_sidebar":"","neve_meta_container":"","neve_meta_enable_content_width":"","neve_meta_content_width":0,"neve_meta_title_alignment":"","neve_meta_author_avatar":"","neve_post_elements_order":"","neve_meta_disable_header":"","neve_meta_disable_footer":"","neve_meta_disable_title":"","footnotes":""},"class_list":["post-608","page","type-page","status-publish","has-post-thumbnail","hentry"],"yoast_head":"<!-- This site is optimized with the Yoast SEO plugin v27.4 - https:\/\/yoast.com\/product\/yoast-seo-wordpress\/ -->\n<title>Workshop 1 - RHODIUM Conseil<\/title>\n<meta name=\"robots\" content=\"index, follow, max-snippet:-1, max-image-preview:large, max-video-preview:-1\" \/>\n<link rel=\"canonical\" href=\"https:\/\/rhodium-conseil.fr\/index.php\/solutions\/workshop-1\/\" \/>\n<meta property=\"og:locale\" content=\"fr_FR\" \/>\n<meta property=\"og:type\" content=\"article\" \/>\n<meta property=\"og:title\" content=\"Workshop 1 - RHODIUM Conseil\" \/>\n<meta property=\"og:description\" content=\"Diagnostic ROC Clarification &amp; cadrage Avant d\u2019agir, il est essentiel de comprendre. Le Diagnostic ROC est la porte d\u2019entr\u00e9e de tous mes accompagnements. Il permet de poser un regard structur\u00e9 et lucide sur une situation manag\u00e9riale ou collective avant toute d\u00e9cision. Pourquoi r\u00e9aliser un Diagnostic ? Lorsque : des tensions relationnelles persistent, les r\u00f4les et&hellip;&nbsp;Lire la suite &raquo;Workshop 1\" \/>\n<meta property=\"og:url\" content=\"https:\/\/rhodium-conseil.fr\/index.php\/solutions\/workshop-1\/\" \/>\n<meta property=\"og:site_name\" content=\"RHODIUM Conseil\" \/>\n<meta property=\"article:publisher\" content=\"https:\/\/www.facebook.com\/profile.php?id=61559176793485&amp;locale=fr_FR\" \/>\n<meta property=\"article:modified_time\" content=\"2026-02-23T13:44:37+00:00\" \/>\n<meta property=\"og:image\" content=\"https:\/\/rhodium-conseil.fr\/wp-content\/uploads\/2022\/11\/Workshop-1-400_380.jpg\" \/>\n\t<meta property=\"og:image:width\" content=\"400\" \/>\n\t<meta property=\"og:image:height\" content=\"380\" \/>\n\t<meta property=\"og:image:type\" content=\"image\/jpeg\" \/>\n<meta name=\"twitter:card\" content=\"summary_large_image\" \/>\n<meta name=\"twitter:label1\" content=\"Dur\u00e9e de lecture estim\u00e9e\" \/>\n\t<meta name=\"twitter:data1\" content=\"2 minutes\" \/>\n<script type=\"application\/ld+json\" class=\"yoast-schema-graph\">{\"@context\":\"https:\\\/\\\/schema.org\",\"@graph\":[{\"@type\":\"WebPage\",\"@id\":\"https:\\\/\\\/rhodium-conseil.fr\\\/index.php\\\/solutions\\\/workshop-1\\\/\",\"url\":\"https:\\\/\\\/rhodium-conseil.fr\\\/index.php\\\/solutions\\\/workshop-1\\\/\",\"name\":\"Workshop 1 - RHODIUM Conseil\",\"isPartOf\":{\"@id\":\"https:\\\/\\\/rhodium-conseil.fr\\\/#website\"},\"primaryImageOfPage\":{\"@id\":\"https:\\\/\\\/rhodium-conseil.fr\\\/index.php\\\/solutions\\\/workshop-1\\\/#primaryimage\"},\"image\":{\"@id\":\"https:\\\/\\\/rhodium-conseil.fr\\\/index.php\\\/solutions\\\/workshop-1\\\/#primaryimage\"},\"thumbnailUrl\":\"https:\\\/\\\/rhodium-conseil.fr\\\/wp-content\\\/uploads\\\/2022\\\/11\\\/Workshop-1-400_380.jpg\",\"datePublished\":\"2022-11-22T14:33:56+00:00\",\"dateModified\":\"2026-02-23T13:44:37+00:00\",\"breadcrumb\":{\"@id\":\"https:\\\/\\\/rhodium-conseil.fr\\\/index.php\\\/solutions\\\/workshop-1\\\/#breadcrumb\"},\"inLanguage\":\"fr-FR\",\"potentialAction\":[{\"@type\":\"ReadAction\",\"target\":[\"https:\\\/\\\/rhodium-conseil.fr\\\/index.php\\\/solutions\\\/workshop-1\\\/\"]}]},{\"@type\":\"ImageObject\",\"inLanguage\":\"fr-FR\",\"@id\":\"https:\\\/\\\/rhodium-conseil.fr\\\/index.php\\\/solutions\\\/workshop-1\\\/#primaryimage\",\"url\":\"https:\\\/\\\/rhodium-conseil.fr\\\/wp-content\\\/uploads\\\/2022\\\/11\\\/Workshop-1-400_380.jpg\",\"contentUrl\":\"https:\\\/\\\/rhodium-conseil.fr\\\/wp-content\\\/uploads\\\/2022\\\/11\\\/Workshop-1-400_380.jpg\",\"width\":400,\"height\":380},{\"@type\":\"BreadcrumbList\",\"@id\":\"https:\\\/\\\/rhodium-conseil.fr\\\/index.php\\\/solutions\\\/workshop-1\\\/#breadcrumb\",\"itemListElement\":[{\"@type\":\"ListItem\",\"position\":1,\"name\":\"Accueil\",\"item\":\"https:\\\/\\\/rhodium-conseil.fr\\\/\"},{\"@type\":\"ListItem\",\"position\":2,\"name\":\"Solutions\",\"item\":\"https:\\\/\\\/rhodium-conseil.fr\\\/index.php\\\/solutions\\\/\"},{\"@type\":\"ListItem\",\"position\":3,\"name\":\"Workshop 1\"}]},{\"@type\":\"WebSite\",\"@id\":\"https:\\\/\\\/rhodium-conseil.fr\\\/#website\",\"url\":\"https:\\\/\\\/rhodium-conseil.fr\\\/\",\"name\":\"RHODIUM Conseil\",\"description\":\"Accompagnez et transformez vos ressources !\",\"publisher\":{\"@id\":\"https:\\\/\\\/rhodium-conseil.fr\\\/#organization\"},\"potentialAction\":[{\"@type\":\"SearchAction\",\"target\":{\"@type\":\"EntryPoint\",\"urlTemplate\":\"https:\\\/\\\/rhodium-conseil.fr\\\/?s={search_term_string}\"},\"query-input\":{\"@type\":\"PropertyValueSpecification\",\"valueRequired\":true,\"valueName\":\"search_term_string\"}}],\"inLanguage\":\"fr-FR\"},{\"@type\":\"Organization\",\"@id\":\"https:\\\/\\\/rhodium-conseil.fr\\\/#organization\",\"name\":\"RHODIUM Conseil\",\"url\":\"https:\\\/\\\/rhodium-conseil.fr\\\/\",\"logo\":{\"@type\":\"ImageObject\",\"inLanguage\":\"fr-FR\",\"@id\":\"https:\\\/\\\/rhodium-conseil.fr\\\/#\\\/schema\\\/logo\\\/image\\\/\",\"url\":\"https:\\\/\\\/rhodium-conseil.fr\\\/wp-content\\\/uploads\\\/2024\\\/06\\\/cropped-logo_rhodium_conseil.jpg\",\"contentUrl\":\"https:\\\/\\\/rhodium-conseil.fr\\\/wp-content\\\/uploads\\\/2024\\\/06\\\/cropped-logo_rhodium_conseil.jpg\",\"width\":512,\"height\":512,\"caption\":\"RHODIUM Conseil\"},\"image\":{\"@id\":\"https:\\\/\\\/rhodium-conseil.fr\\\/#\\\/schema\\\/logo\\\/image\\\/\"},\"sameAs\":[\"https:\\\/\\\/www.facebook.com\\\/profile.php?id=61559176793485&locale=fr_FR\",\"https:\\\/\\\/www.linkedin.com\\\/company\\\/rhodium-conseil\\\/\"]}]}<\/script>\n<!-- \/ Yoast SEO plugin. -->","yoast_head_json":{"title":"Workshop 1 - RHODIUM Conseil","robots":{"index":"index","follow":"follow","max-snippet":"max-snippet:-1","max-image-preview":"max-image-preview:large","max-video-preview":"max-video-preview:-1"},"canonical":"https:\/\/rhodium-conseil.fr\/index.php\/solutions\/workshop-1\/","og_locale":"fr_FR","og_type":"article","og_title":"Workshop 1 - RHODIUM Conseil","og_description":"Diagnostic ROC Clarification &amp; cadrage Avant d\u2019agir, il est essentiel de comprendre. Le Diagnostic ROC est la porte d\u2019entr\u00e9e de tous mes accompagnements. Il permet de poser un regard structur\u00e9 et lucide sur une situation manag\u00e9riale ou collective avant toute d\u00e9cision. Pourquoi r\u00e9aliser un Diagnostic ? Lorsque : des tensions relationnelles persistent, les r\u00f4les et&hellip;&nbsp;Lire la suite &raquo;Workshop 1","og_url":"https:\/\/rhodium-conseil.fr\/index.php\/solutions\/workshop-1\/","og_site_name":"RHODIUM Conseil","article_publisher":"https:\/\/www.facebook.com\/profile.php?id=61559176793485&locale=fr_FR","article_modified_time":"2026-02-23T13:44:37+00:00","og_image":[{"width":400,"height":380,"url":"https:\/\/rhodium-conseil.fr\/wp-content\/uploads\/2022\/11\/Workshop-1-400_380.jpg","type":"image\/jpeg"}],"twitter_card":"summary_large_image","twitter_misc":{"Dur\u00e9e de lecture estim\u00e9e":"2 minutes"},"schema":{"@context":"https:\/\/schema.org","@graph":[{"@type":"WebPage","@id":"https:\/\/rhodium-conseil.fr\/index.php\/solutions\/workshop-1\/","url":"https:\/\/rhodium-conseil.fr\/index.php\/solutions\/workshop-1\/","name":"Workshop 1 - RHODIUM Conseil","isPartOf":{"@id":"https:\/\/rhodium-conseil.fr\/#website"},"primaryImageOfPage":{"@id":"https:\/\/rhodium-conseil.fr\/index.php\/solutions\/workshop-1\/#primaryimage"},"image":{"@id":"https:\/\/rhodium-conseil.fr\/index.php\/solutions\/workshop-1\/#primaryimage"},"thumbnailUrl":"https:\/\/rhodium-conseil.fr\/wp-content\/uploads\/2022\/11\/Workshop-1-400_380.jpg","datePublished":"2022-11-22T14:33:56+00:00","dateModified":"2026-02-23T13:44:37+00:00","breadcrumb":{"@id":"https:\/\/rhodium-conseil.fr\/index.php\/solutions\/workshop-1\/#breadcrumb"},"inLanguage":"fr-FR","potentialAction":[{"@type":"ReadAction","target":["https:\/\/rhodium-conseil.fr\/index.php\/solutions\/workshop-1\/"]}]},{"@type":"ImageObject","inLanguage":"fr-FR","@id":"https:\/\/rhodium-conseil.fr\/index.php\/solutions\/workshop-1\/#primaryimage","url":"https:\/\/rhodium-conseil.fr\/wp-content\/uploads\/2022\/11\/Workshop-1-400_380.jpg","contentUrl":"https:\/\/rhodium-conseil.fr\/wp-content\/uploads\/2022\/11\/Workshop-1-400_380.jpg","width":400,"height":380},{"@type":"BreadcrumbList","@id":"https:\/\/rhodium-conseil.fr\/index.php\/solutions\/workshop-1\/#breadcrumb","itemListElement":[{"@type":"ListItem","position":1,"name":"Accueil","item":"https:\/\/rhodium-conseil.fr\/"},{"@type":"ListItem","position":2,"name":"Solutions","item":"https:\/\/rhodium-conseil.fr\/index.php\/solutions\/"},{"@type":"ListItem","position":3,"name":"Workshop 1"}]},{"@type":"WebSite","@id":"https:\/\/rhodium-conseil.fr\/#website","url":"https:\/\/rhodium-conseil.fr\/","name":"RHODIUM Conseil","description":"Accompagnez et transformez vos ressources !","publisher":{"@id":"https:\/\/rhodium-conseil.fr\/#organization"},"potentialAction":[{"@type":"SearchAction","target":{"@type":"EntryPoint","urlTemplate":"https:\/\/rhodium-conseil.fr\/?s={search_term_string}"},"query-input":{"@type":"PropertyValueSpecification","valueRequired":true,"valueName":"search_term_string"}}],"inLanguage":"fr-FR"},{"@type":"Organization","@id":"https:\/\/rhodium-conseil.fr\/#organization","name":"RHODIUM Conseil","url":"https:\/\/rhodium-conseil.fr\/","logo":{"@type":"ImageObject","inLanguage":"fr-FR","@id":"https:\/\/rhodium-conseil.fr\/#\/schema\/logo\/image\/","url":"https:\/\/rhodium-conseil.fr\/wp-content\/uploads\/2024\/06\/cropped-logo_rhodium_conseil.jpg","contentUrl":"https:\/\/rhodium-conseil.fr\/wp-content\/uploads\/2024\/06\/cropped-logo_rhodium_conseil.jpg","width":512,"height":512,"caption":"RHODIUM Conseil"},"image":{"@id":"https:\/\/rhodium-conseil.fr\/#\/schema\/logo\/image\/"},"sameAs":["https:\/\/www.facebook.com\/profile.php?id=61559176793485&locale=fr_FR","https:\/\/www.linkedin.com\/company\/rhodium-conseil\/"]}]}},"_links":{"self":[{"href":"https:\/\/rhodium-conseil.fr\/index.php\/wp-json\/wp\/v2\/pages\/608","targetHints":{"allow":["GET"]}}],"collection":[{"href":"https:\/\/rhodium-conseil.fr\/index.php\/wp-json\/wp\/v2\/pages"}],"about":[{"href":"https:\/\/rhodium-conseil.fr\/index.php\/wp-json\/wp\/v2\/types\/page"}],"author":[{"embeddable":true,"href":"https:\/\/rhodium-conseil.fr\/index.php\/wp-json\/wp\/v2\/users\/1"}],"replies":[{"embeddable":true,"href":"https:\/\/rhodium-conseil.fr\/index.php\/wp-json\/wp\/v2\/comments?post=608"}],"version-history":[{"count":141,"href":"https:\/\/rhodium-conseil.fr\/index.php\/wp-json\/wp\/v2\/pages\/608\/revisions"}],"predecessor-version":[{"id":2773,"href":"https:\/\/rhodium-conseil.fr\/index.php\/wp-json\/wp\/v2\/pages\/608\/revisions\/2773"}],"up":[{"embeddable":true,"href":"https:\/\/rhodium-conseil.fr\/index.php\/wp-json\/wp\/v2\/pages\/55"}],"wp:featuredmedia":[{"embeddable":true,"href":"https:\/\/rhodium-conseil.fr\/index.php\/wp-json\/wp\/v2\/media\/611"}],"wp:attachment":[{"href":"https:\/\/rhodium-conseil.fr\/index.php\/wp-json\/wp\/v2\/media?parent=608"}],"curies":[{"name":"wp","href":"https:\/\/api.w.org\/{rel}","templated":true}]}}