{"id":595,"date":"2022-11-22T15:33:55","date_gmt":"2022-11-22T14:33:55","guid":{"rendered":"https:\/\/rhodium-conseil.fr\/index.php\/workshop-3\/"},"modified":"2026-02-23T10:19:56","modified_gmt":"2026-02-23T09:19:56","slug":"workshop-3","status":"publish","type":"page","link":"https:\/\/rhodium-conseil.fr\/index.php\/solutions\/workshop-3\/","title":{"rendered":"Workshop 3"},"content":{"rendered":"\t\t<div data-elementor-type=\"wp-page\" data-elementor-id=\"595\" class=\"elementor elementor-595\">\n\t\t\t\t\t\t<section class=\"elementor-section elementor-top-section elementor-element elementor-element-9beda0a elementor-section-boxed elementor-section-height-default elementor-section-height-default\" data-id=\"9beda0a\" data-element_type=\"section\" data-e-type=\"section\">\n\t\t\t\t\t\t<div class=\"elementor-container elementor-column-gap-default\">\n\t\t\t\t\t<div class=\"elementor-column elementor-col-100 elementor-top-column elementor-element elementor-element-27b2f44\" data-id=\"27b2f44\" data-element_type=\"column\" data-e-type=\"column\">\n\t\t\t<div class=\"elementor-widget-wrap elementor-element-populated\">\n\t\t\t\t\t\t<div class=\"elementor-element elementor-element-c42ec3d elementor-widget elementor-widget-heading\" data-id=\"c42ec3d\" data-element_type=\"widget\" data-e-type=\"widget\" data-widget_type=\"heading.default\">\n\t\t\t\t<div class=\"elementor-widget-container\">\n\t\t\t\t\t<h1 class=\"elementor-heading-title elementor-size-xxl\">ROC Essentiel<\/h1>\t\t\t\t<\/div>\n\t\t\t\t<\/div>\n\t\t\t\t\t<\/div>\n\t\t<\/div>\n\t\t\t\t\t<\/div>\n\t\t<\/section>\n\t\t<div class=\"elementor-element elementor-element-849815a e-flex e-con-boxed e-con e-parent\" data-id=\"849815a\" data-element_type=\"container\" data-e-type=\"container\">\n\t\t\t\t\t<div class=\"e-con-inner\">\n\t\t\t\t<div class=\"elementor-element elementor-element-67fbdd7 elementor-widget__width-auto elementor-widget-mobile__width-initial elementor-widget elementor-widget-text-editor\" data-id=\"67fbdd7\" data-element_type=\"widget\" data-e-type=\"widget\" data-widget_type=\"text-editor.default\">\n\t\t\t\t<div class=\"elementor-widget-container\">\n\t\t\t\t\t\t\t\t\t<h2 data-start=\"108\" data-end=\"141\">Coaching manag\u00e9rial individuel<\/h2><p data-start=\"143\" data-end=\"240\">Accompagner les managers \u00e0 clarifier leur posture, r\u00e9guler les tensions et d\u00e9cider avec justesse.<\/p><p data-start=\"242\" data-end=\"407\">Le coaching ROC Essentiel s\u2019adresse aux managers, cadres et dirigeants confront\u00e9s \u00e0 des situations complexes, des tensions relationnelles ou des d\u00e9cisions sensibles.<\/p><div>\u00a0<\/div>\t\t\t\t\t\t\t\t<\/div>\n\t\t\t\t<\/div>\n\t\t\t\t\t<\/div>\n\t\t\t\t<\/div>\n\t\t<div class=\"elementor-element elementor-element-b9913d1 e-flex e-con-boxed e-con e-parent\" data-id=\"b9913d1\" data-element_type=\"container\" data-e-type=\"container\">\n\t\t\t\t\t<div class=\"e-con-inner\">\n\t\t<div class=\"elementor-element elementor-element-6b970d2 e-con-full e-flex e-con e-child\" data-id=\"6b970d2\" data-element_type=\"container\" data-e-type=\"container\">\n\t\t\t\t<div class=\"elementor-element elementor-element-b3ff6bd elementor-widget elementor-widget-text-editor\" data-id=\"b3ff6bd\" data-element_type=\"widget\" data-e-type=\"widget\" data-widget_type=\"text-editor.default\">\n\t\t\t\t<div class=\"elementor-widget-container\">\n\t\t\t\t\t\t\t\t\t<h4 style=\"text-align: center;\" data-start=\"414\" data-end=\"436\">Pour quels enjeux ?<\/h4><p data-start=\"438\" data-end=\"447\">Lorsque :<\/p><ul><li style=\"list-style-type: none;\"><ul data-start=\"449\" data-end=\"665\"><li data-start=\"449\" data-end=\"496\"><p data-start=\"451\" data-end=\"496\">la posture manag\u00e9riale manque de stabilit\u00e9,<\/p><\/li><li data-start=\"497\" data-end=\"537\"><p data-start=\"499\" data-end=\"537\">les \u00e9motions prennent trop de place,<\/p><\/li><li data-start=\"538\" data-end=\"582\"><p data-start=\"540\" data-end=\"582\">les d\u00e9cisions sont difficiles \u00e0 assumer,<\/p><\/li><li data-start=\"583\" data-end=\"620\"><p data-start=\"585\" data-end=\"620\">la pression op\u00e9rationnelle isole,<\/p><\/li><li data-start=\"621\" data-end=\"665\"><p data-start=\"623\" data-end=\"665\">la coop\u00e9ration avec l\u2019\u00e9quipe se fragilise.<\/p><\/li><\/ul><\/li><\/ul>\t\t\t\t\t\t\t\t<\/div>\n\t\t\t\t<\/div>\n\t\t\t\t<\/div>\n\t\t<div class=\"elementor-element elementor-element-a6f3e0e e-con-full e-flex e-con e-child\" data-id=\"a6f3e0e\" data-element_type=\"container\" data-e-type=\"container\">\n\t\t\t\t<div class=\"elementor-element elementor-element-ef4b06a elementor-widget elementor-widget-image\" data-id=\"ef4b06a\" data-element_type=\"widget\" data-e-type=\"widget\" data-widget_type=\"image.default\">\n\t\t\t\t<div class=\"elementor-widget-container\">\n\t\t\t\t\t\t\t\t\t\t\t\t\t\t\t<img fetchpriority=\"high\" decoding=\"async\" width=\"768\" height=\"672\" src=\"https:\/\/rhodium-conseil.fr\/wp-content\/uploads\/2024\/06\/3-768x672.jpg\" class=\"attachment-medium_large size-medium_large wp-image-2063\" alt=\"\" srcset=\"https:\/\/rhodium-conseil.fr\/wp-content\/uploads\/2024\/06\/3-768x672.jpg 768w, https:\/\/rhodium-conseil.fr\/wp-content\/uploads\/2024\/06\/3-300x263.jpg 300w, https:\/\/rhodium-conseil.fr\/wp-content\/uploads\/2024\/06\/3.jpg 800w\" sizes=\"(max-width: 768px) 100vw, 768px\" \/>\t\t\t\t\t\t\t\t\t\t\t\t\t\t\t<\/div>\n\t\t\t\t<\/div>\n\t\t\t\t<\/div>\n\t\t<div class=\"elementor-element elementor-element-1df3d5a e-con-full e-flex e-con e-child\" data-id=\"1df3d5a\" data-element_type=\"container\" data-e-type=\"container\">\n\t\t\t\t<div class=\"elementor-element elementor-element-4ffb8be elementor-widget elementor-widget-text-editor\" data-id=\"4ffb8be\" data-element_type=\"widget\" data-e-type=\"widget\" data-widget_type=\"text-editor.default\">\n\t\t\t\t<div class=\"elementor-widget-container\">\n\t\t\t\t\t\t\t\t\t<h4 style=\"text-align: center;\" data-start=\"672\" data-end=\"698\">Ce que nous travaillons<\/h4><ul><li style=\"list-style-type: none;\"><ul><li style=\"list-style-type: none;\"><ul data-start=\"700\" data-end=\"908\"><li data-start=\"700\" data-end=\"741\"><p data-start=\"702\" data-end=\"741\">Clarification du r\u00f4le et du p\u00e9rim\u00e8tre<\/p><\/li><li data-start=\"742\" data-end=\"782\"><p data-start=\"744\" data-end=\"782\">Ajustement de la posture manag\u00e9riale<\/p><\/li><li data-start=\"783\" data-end=\"826\"><p data-start=\"785\" data-end=\"826\">R\u00e9gulation des tensions et des \u00e9motions<\/p><\/li><li data-start=\"827\" data-end=\"857\"><p data-start=\"829\" data-end=\"857\">S\u00e9curisation des d\u00e9cisions<\/p><\/li><li data-start=\"858\" data-end=\"908\"><p data-start=\"860\" data-end=\"908\">D\u00e9veloppement d\u2019une responsabilit\u00e9 plus autonome<\/p><\/li><\/ul><\/li><\/ul><\/li><\/ul>\t\t\t\t\t\t\t\t<\/div>\n\t\t\t\t<\/div>\n\t\t\t\t<\/div>\n\t\t\t\t\t<\/div>\n\t\t\t\t<\/div>\n\t\t<div class=\"elementor-element elementor-element-6f6bbe0 e-flex e-con-boxed e-con e-parent\" data-id=\"6f6bbe0\" data-element_type=\"container\" data-e-type=\"container\">\n\t\t\t\t\t<div class=\"e-con-inner\">\n\t\t<div class=\"elementor-element elementor-element-bd9cc55 e-con-full e-flex e-con e-child\" data-id=\"bd9cc55\" data-element_type=\"container\" data-e-type=\"container\">\n\t\t\t\t<div class=\"elementor-element elementor-element-552a300 elementor-widget elementor-widget-text-editor\" data-id=\"552a300\" data-element_type=\"widget\" data-e-type=\"widget\" data-widget_type=\"text-editor.default\">\n\t\t\t\t<div class=\"elementor-widget-container\">\n\t\t\t\t\t\t\t\t\t<h5 style=\"text-align: center;\" data-start=\"915\" data-end=\"927\">Modalit\u00e9s<\/h5><ul data-start=\"929\" data-end=\"1038\"><li style=\"text-align: left;\" data-start=\"929\" data-end=\"963\"><p data-start=\"931\" data-end=\"963\">Coaching individuel en pr\u00e9sentiel et \u00e0 distance<\/p><\/li><li style=\"text-align: left;\" data-start=\"964\" data-end=\"1003\"><p data-start=\"966\" data-end=\"1003\">Parcours structur\u00e9 (6 \u00e0 10 s\u00e9ances)<\/p><\/li><li data-start=\"1004\" data-end=\"1038\"><p style=\"text-align: left;\" data-start=\"1006\" data-end=\"1038\">M\u00e9thode ROC comme fil conducteur<\/p><\/li><li data-start=\"1004\" data-end=\"1038\"><p style=\"text-align: left;\" data-start=\"1006\" data-end=\"1038\">Outils d&rsquo;exploration int\u00e9gr\u00e9s<\/p><\/li><\/ul>\t\t\t\t\t\t\t\t<\/div>\n\t\t\t\t<\/div>\n\t\t\t\t<\/div>\n\t\t<div class=\"elementor-element elementor-element-c46f910 e-con-full e-flex e-con e-child\" data-id=\"c46f910\" data-element_type=\"container\" data-e-type=\"container\">\n\t\t\t\t<div class=\"elementor-element elementor-element-1d3e602 elementor-widget elementor-widget-text-editor\" data-id=\"1d3e602\" data-element_type=\"widget\" data-e-type=\"widget\" data-widget_type=\"text-editor.default\">\n\t\t\t\t<div class=\"elementor-widget-container\">\n\t\t\t\t\t\t\t\t\t<h5 style=\"text-align: center;\" data-start=\"915\" data-end=\"927\">B\u00e9n\u00e9fices<\/h5><ul><li style=\"list-style-type: none;\"><ul><li style=\"list-style-type: none;\"><ul><li style=\"list-style-type: none;\"><ul><li>Prendre du recul dans des contextes exigeants<\/li><\/ul><\/li><\/ul><\/li><\/ul><\/li><\/ul><div style=\"padding-left: 120px;\">\u00a0<\/div><ul><li style=\"list-style-type: none;\"><ul><li style=\"list-style-type: none;\"><ul><li style=\"list-style-type: none;\"><ul><li>Stabiliser son leadership<\/li><\/ul><\/li><\/ul><\/li><\/ul><\/li><\/ul><div style=\"padding-left: 120px;\">\u00a0<\/div><ul><li style=\"list-style-type: none;\"><ul><li style=\"list-style-type: none;\"><ul><li style=\"list-style-type: none;\"><ul><li>R\u00e9duire l\u2019usure relationnelle<\/li><\/ul><\/li><\/ul><\/li><\/ul><\/li><\/ul><div style=\"padding-left: 120px;\">\u00a0<\/div><ul><li style=\"list-style-type: none;\"><ul><li style=\"list-style-type: none;\"><ul><li style=\"list-style-type: none;\"><ul><li>Gagner en clart\u00e9 et en efficacit\u00e9 au quotidien<\/li><\/ul><\/li><\/ul><\/li><\/ul><\/li><\/ul>\t\t\t\t\t\t\t\t<\/div>\n\t\t\t\t<\/div>\n\t\t\t\t<\/div>\n\t\t\t\t\t<\/div>\n\t\t\t\t<\/div>\n\t\t<div class=\"elementor-element elementor-element-a6f22c7 e-flex e-con-boxed e-con e-parent\" data-id=\"a6f22c7\" data-element_type=\"container\" data-e-type=\"container\">\n\t\t\t\t\t<div class=\"e-con-inner\">\n\t\t\t\t<div class=\"elementor-element elementor-element-734ec3d elementor-widget elementor-widget-text-editor\" data-id=\"734ec3d\" data-element_type=\"widget\" data-e-type=\"widget\" data-widget_type=\"text-editor.default\">\n\t\t\t\t<div class=\"elementor-widget-container\">\n\t\t\t\t\t\t\t\t\t<h5 data-start=\"1237\" data-end=\"1254\">Positionnement<\/h5><p data-start=\"1256\" data-end=\"1446\">Le coaching ROC Essentiel ne vise pas la performance imm\u00e9diate.<\/p><p data-start=\"1256\" data-end=\"1446\">Il vise une transformation durable de la posture, au service de d\u00e9cisions plus justes et d\u2019une coop\u00e9ration plus responsable.<\/p>\t\t\t\t\t\t\t\t<\/div>\n\t\t\t\t<\/div>\n\t\t\t\t\t<\/div>\n\t\t\t\t<\/div>\n\t\t\t\t<section class=\"elementor-section elementor-top-section elementor-element elementor-element-d782856 elementor-section-boxed elementor-section-height-default elementor-section-height-default\" data-id=\"d782856\" data-element_type=\"section\" data-e-type=\"section\">\n\t\t\t\t\t\t<div class=\"elementor-container elementor-column-gap-default\">\n\t\t\t\t\t<div class=\"elementor-column elementor-col-100 elementor-top-column elementor-element elementor-element-30ef763\" data-id=\"30ef763\" data-element_type=\"column\" data-e-type=\"column\">\n\t\t\t<div class=\"elementor-widget-wrap elementor-element-populated\">\n\t\t\t\t\t\t<div class=\"elementor-element elementor-element-adb14df elementor-widget elementor-widget-image\" data-id=\"adb14df\" data-element_type=\"widget\" data-e-type=\"widget\" data-widget_type=\"image.default\">\n\t\t\t\t<div class=\"elementor-widget-container\">\n\t\t\t\t\t\t\t\t\t\t\t\t\t\t\t<img decoding=\"async\" src=\"https:\/\/rhodium-conseil.fr\/wp-content\/uploads\/elementor\/thumbs\/IMG_6063-r7ghni0iga69insqsfbb01wu2more8vkn3vnartq2s.jpg\" title=\"IMG_6063\" alt=\"IMG_6063\" loading=\"lazy\" \/>\t\t\t\t\t\t\t\t\t\t\t\t\t\t\t<\/div>\n\t\t\t\t<\/div>\n\t\t\t\t\t<\/div>\n\t\t<\/div>\n\t\t\t\t\t<\/div>\n\t\t<\/section>\n\t\t\t\t<section class=\"elementor-section elementor-top-section elementor-element elementor-element-4c2ccd3 elementor-section-boxed elementor-section-height-default elementor-section-height-default\" data-id=\"4c2ccd3\" data-element_type=\"section\" data-e-type=\"section\">\n\t\t\t\t\t\t<div class=\"elementor-container elementor-column-gap-default\">\n\t\t\t\t\t<div class=\"elementor-column elementor-col-100 elementor-top-column elementor-element elementor-element-4c3af49\" data-id=\"4c3af49\" data-element_type=\"column\" data-e-type=\"column\">\n\t\t\t<div class=\"elementor-widget-wrap elementor-element-populated\">\n\t\t\t\t\t\t<div class=\"elementor-element elementor-element-aa23e1a elementor-align-center animated-fast e-transform e-transform elementor-invisible elementor-widget elementor-widget-button\" data-id=\"aa23e1a\" data-element_type=\"widget\" data-e-type=\"widget\" data-settings=\"{&quot;_animation&quot;:&quot;rubberBand&quot;,&quot;_animation_delay&quot;:900,&quot;_transform_rotateZ_effect&quot;:{&quot;unit&quot;:&quot;px&quot;,&quot;size&quot;:&quot;&quot;,&quot;sizes&quot;:[]},&quot;_transform_rotateZ_effect_tablet&quot;:{&quot;unit&quot;:&quot;deg&quot;,&quot;size&quot;:&quot;&quot;,&quot;sizes&quot;:[]},&quot;_transform_rotateZ_effect_mobile&quot;:{&quot;unit&quot;:&quot;deg&quot;,&quot;size&quot;:&quot;&quot;,&quot;sizes&quot;:[]},&quot;_transform_translateX_effect&quot;:{&quot;unit&quot;:&quot;px&quot;,&quot;size&quot;:&quot;&quot;,&quot;sizes&quot;:[]},&quot;_transform_translateX_effect_tablet&quot;:{&quot;unit&quot;:&quot;px&quot;,&quot;size&quot;:&quot;&quot;,&quot;sizes&quot;:[]},&quot;_transform_translateX_effect_mobile&quot;:{&quot;unit&quot;:&quot;px&quot;,&quot;size&quot;:&quot;&quot;,&quot;sizes&quot;:[]},&quot;_transform_translateY_effect&quot;:{&quot;unit&quot;:&quot;px&quot;,&quot;size&quot;:&quot;&quot;,&quot;sizes&quot;:[]},&quot;_transform_translateY_effect_tablet&quot;:{&quot;unit&quot;:&quot;px&quot;,&quot;size&quot;:&quot;&quot;,&quot;sizes&quot;:[]},&quot;_transform_translateY_effect_mobile&quot;:{&quot;unit&quot;:&quot;px&quot;,&quot;size&quot;:&quot;&quot;,&quot;sizes&quot;:[]}}\" data-widget_type=\"button.default\">\n\t\t\t\t<div class=\"elementor-widget-container\">\n\t\t\t\t\t\t\t\t\t<div class=\"elementor-button-wrapper\">\n\t\t\t\t\t<a class=\"elementor-button elementor-button-link elementor-size-sm elementor-animation-push\" href=\"https:\/\/calendar.app.google\/Fj1oCPMuKygdoDJS6\">\n\t\t\t\t\t\t<span class=\"elementor-button-content-wrapper\">\n\t\t\t\t\t\t\t\t\t<span class=\"elementor-button-text\">Demandez un \u00e9change exploratoire<\/span>\n\t\t\t\t\t<\/span>\n\t\t\t\t\t<\/a>\n\t\t\t\t<\/div>\n\t\t\t\t\t\t\t\t<\/div>\n\t\t\t\t<\/div>\n\t\t\t\t\t<\/div>\n\t\t<\/div>\n\t\t\t\t\t<\/div>\n\t\t<\/section>\n\t\t\t\t<\/div>\n\t\t","protected":false},"excerpt":{"rendered":"<p>ROC Essentiel Coaching manag\u00e9rial individuel Accompagner les managers \u00e0 clarifier leur posture, r\u00e9guler les tensions et d\u00e9cider avec justesse. Le coaching ROC Essentiel s\u2019adresse aux managers, cadres et dirigeants confront\u00e9s \u00e0 des situations complexes, des tensions relationnelles ou des d\u00e9cisions sensibles. \u00a0 Pour quels enjeux ? Lorsque : la posture manag\u00e9riale manque de stabilit\u00e9, les&hellip;&nbsp;<a href=\"https:\/\/rhodium-conseil.fr\/index.php\/solutions\/workshop-3\/\" rel=\"bookmark\">Lire la suite &raquo;<span class=\"screen-reader-text\">Workshop 3<\/span><\/a><\/p>\n","protected":false},"author":1,"featured_media":598,"parent":55,"menu_order":3,"comment_status":"closed","ping_status":"closed","template":"elementor_header_footer","meta":{"neve_meta_sidebar":"","neve_meta_container":"","neve_meta_enable_content_width":"","neve_meta_content_width":0,"neve_meta_title_alignment":"","neve_meta_author_avatar":"","neve_post_elements_order":"","neve_meta_disable_header":"","neve_meta_disable_footer":"","neve_meta_disable_title":"","footnotes":""},"class_list":["post-595","page","type-page","status-publish","has-post-thumbnail","hentry"],"yoast_head":"<!-- This site is optimized with the Yoast SEO plugin v27.4 - https:\/\/yoast.com\/product\/yoast-seo-wordpress\/ -->\n<title>Workshop 3 - RHODIUM Conseil<\/title>\n<meta name=\"robots\" content=\"index, follow, max-snippet:-1, max-image-preview:large, max-video-preview:-1\" \/>\n<link rel=\"canonical\" href=\"https:\/\/rhodium-conseil.fr\/index.php\/solutions\/workshop-3\/\" \/>\n<meta property=\"og:locale\" content=\"fr_FR\" \/>\n<meta property=\"og:type\" content=\"article\" \/>\n<meta property=\"og:title\" content=\"Workshop 3 - RHODIUM Conseil\" \/>\n<meta property=\"og:description\" content=\"ROC Essentiel Coaching manag\u00e9rial individuel Accompagner les managers \u00e0 clarifier leur posture, r\u00e9guler les tensions et d\u00e9cider avec justesse. Le coaching ROC Essentiel s\u2019adresse aux managers, cadres et dirigeants confront\u00e9s \u00e0 des situations complexes, des tensions relationnelles ou des d\u00e9cisions sensibles. \u00a0 Pour quels enjeux ? Lorsque : la posture manag\u00e9riale manque de stabilit\u00e9, les&hellip;&nbsp;Lire la suite &raquo;Workshop 3\" \/>\n<meta property=\"og:url\" content=\"https:\/\/rhodium-conseil.fr\/index.php\/solutions\/workshop-3\/\" \/>\n<meta property=\"og:site_name\" content=\"RHODIUM Conseil\" \/>\n<meta property=\"article:publisher\" content=\"https:\/\/www.facebook.com\/profile.php?id=61559176793485&amp;locale=fr_FR\" \/>\n<meta property=\"article:modified_time\" content=\"2026-02-23T09:19:56+00:00\" \/>\n<meta property=\"og:image\" content=\"https:\/\/rhodium-conseil.fr\/wp-content\/uploads\/2022\/11\/Workshop-3-400_380_30012022.jpg\" \/>\n\t<meta property=\"og:image:width\" content=\"400\" \/>\n\t<meta property=\"og:image:height\" content=\"380\" \/>\n\t<meta property=\"og:image:type\" content=\"image\/jpeg\" \/>\n<meta name=\"twitter:card\" content=\"summary_large_image\" \/>\n<meta name=\"twitter:label1\" content=\"Dur\u00e9e de lecture estim\u00e9e\" \/>\n\t<meta name=\"twitter:data1\" content=\"2 minutes\" \/>\n<script type=\"application\/ld+json\" class=\"yoast-schema-graph\">{\"@context\":\"https:\\\/\\\/schema.org\",\"@graph\":[{\"@type\":\"WebPage\",\"@id\":\"https:\\\/\\\/rhodium-conseil.fr\\\/index.php\\\/solutions\\\/workshop-3\\\/\",\"url\":\"https:\\\/\\\/rhodium-conseil.fr\\\/index.php\\\/solutions\\\/workshop-3\\\/\",\"name\":\"Workshop 3 - RHODIUM Conseil\",\"isPartOf\":{\"@id\":\"https:\\\/\\\/rhodium-conseil.fr\\\/#website\"},\"primaryImageOfPage\":{\"@id\":\"https:\\\/\\\/rhodium-conseil.fr\\\/index.php\\\/solutions\\\/workshop-3\\\/#primaryimage\"},\"image\":{\"@id\":\"https:\\\/\\\/rhodium-conseil.fr\\\/index.php\\\/solutions\\\/workshop-3\\\/#primaryimage\"},\"thumbnailUrl\":\"https:\\\/\\\/rhodium-conseil.fr\\\/wp-content\\\/uploads\\\/2022\\\/11\\\/Workshop-3-400_380_30012022.jpg\",\"datePublished\":\"2022-11-22T14:33:55+00:00\",\"dateModified\":\"2026-02-23T09:19:56+00:00\",\"breadcrumb\":{\"@id\":\"https:\\\/\\\/rhodium-conseil.fr\\\/index.php\\\/solutions\\\/workshop-3\\\/#breadcrumb\"},\"inLanguage\":\"fr-FR\",\"potentialAction\":[{\"@type\":\"ReadAction\",\"target\":[\"https:\\\/\\\/rhodium-conseil.fr\\\/index.php\\\/solutions\\\/workshop-3\\\/\"]}]},{\"@type\":\"ImageObject\",\"inLanguage\":\"fr-FR\",\"@id\":\"https:\\\/\\\/rhodium-conseil.fr\\\/index.php\\\/solutions\\\/workshop-3\\\/#primaryimage\",\"url\":\"https:\\\/\\\/rhodium-conseil.fr\\\/wp-content\\\/uploads\\\/2022\\\/11\\\/Workshop-3-400_380_30012022.jpg\",\"contentUrl\":\"https:\\\/\\\/rhodium-conseil.fr\\\/wp-content\\\/uploads\\\/2022\\\/11\\\/Workshop-3-400_380_30012022.jpg\",\"width\":400,\"height\":380},{\"@type\":\"BreadcrumbList\",\"@id\":\"https:\\\/\\\/rhodium-conseil.fr\\\/index.php\\\/solutions\\\/workshop-3\\\/#breadcrumb\",\"itemListElement\":[{\"@type\":\"ListItem\",\"position\":1,\"name\":\"Accueil\",\"item\":\"https:\\\/\\\/rhodium-conseil.fr\\\/\"},{\"@type\":\"ListItem\",\"position\":2,\"name\":\"Solutions\",\"item\":\"https:\\\/\\\/rhodium-conseil.fr\\\/index.php\\\/solutions\\\/\"},{\"@type\":\"ListItem\",\"position\":3,\"name\":\"Workshop 3\"}]},{\"@type\":\"WebSite\",\"@id\":\"https:\\\/\\\/rhodium-conseil.fr\\\/#website\",\"url\":\"https:\\\/\\\/rhodium-conseil.fr\\\/\",\"name\":\"RHODIUM Conseil\",\"description\":\"Accompagnez et transformez vos ressources !\",\"publisher\":{\"@id\":\"https:\\\/\\\/rhodium-conseil.fr\\\/#organization\"},\"potentialAction\":[{\"@type\":\"SearchAction\",\"target\":{\"@type\":\"EntryPoint\",\"urlTemplate\":\"https:\\\/\\\/rhodium-conseil.fr\\\/?s={search_term_string}\"},\"query-input\":{\"@type\":\"PropertyValueSpecification\",\"valueRequired\":true,\"valueName\":\"search_term_string\"}}],\"inLanguage\":\"fr-FR\"},{\"@type\":\"Organization\",\"@id\":\"https:\\\/\\\/rhodium-conseil.fr\\\/#organization\",\"name\":\"RHODIUM Conseil\",\"url\":\"https:\\\/\\\/rhodium-conseil.fr\\\/\",\"logo\":{\"@type\":\"ImageObject\",\"inLanguage\":\"fr-FR\",\"@id\":\"https:\\\/\\\/rhodium-conseil.fr\\\/#\\\/schema\\\/logo\\\/image\\\/\",\"url\":\"https:\\\/\\\/rhodium-conseil.fr\\\/wp-content\\\/uploads\\\/2024\\\/06\\\/cropped-logo_rhodium_conseil.jpg\",\"contentUrl\":\"https:\\\/\\\/rhodium-conseil.fr\\\/wp-content\\\/uploads\\\/2024\\\/06\\\/cropped-logo_rhodium_conseil.jpg\",\"width\":512,\"height\":512,\"caption\":\"RHODIUM Conseil\"},\"image\":{\"@id\":\"https:\\\/\\\/rhodium-conseil.fr\\\/#\\\/schema\\\/logo\\\/image\\\/\"},\"sameAs\":[\"https:\\\/\\\/www.facebook.com\\\/profile.php?id=61559176793485&locale=fr_FR\",\"https:\\\/\\\/www.linkedin.com\\\/company\\\/rhodium-conseil\\\/\"]}]}<\/script>\n<!-- \/ Yoast SEO plugin. -->","yoast_head_json":{"title":"Workshop 3 - RHODIUM Conseil","robots":{"index":"index","follow":"follow","max-snippet":"max-snippet:-1","max-image-preview":"max-image-preview:large","max-video-preview":"max-video-preview:-1"},"canonical":"https:\/\/rhodium-conseil.fr\/index.php\/solutions\/workshop-3\/","og_locale":"fr_FR","og_type":"article","og_title":"Workshop 3 - RHODIUM Conseil","og_description":"ROC Essentiel Coaching manag\u00e9rial individuel Accompagner les managers \u00e0 clarifier leur posture, r\u00e9guler les tensions et d\u00e9cider avec justesse. Le coaching ROC Essentiel s\u2019adresse aux managers, cadres et dirigeants confront\u00e9s \u00e0 des situations complexes, des tensions relationnelles ou des d\u00e9cisions sensibles. \u00a0 Pour quels enjeux ? Lorsque : la posture manag\u00e9riale manque de stabilit\u00e9, les&hellip;&nbsp;Lire la suite &raquo;Workshop 3","og_url":"https:\/\/rhodium-conseil.fr\/index.php\/solutions\/workshop-3\/","og_site_name":"RHODIUM Conseil","article_publisher":"https:\/\/www.facebook.com\/profile.php?id=61559176793485&locale=fr_FR","article_modified_time":"2026-02-23T09:19:56+00:00","og_image":[{"width":400,"height":380,"url":"https:\/\/rhodium-conseil.fr\/wp-content\/uploads\/2022\/11\/Workshop-3-400_380_30012022.jpg","type":"image\/jpeg"}],"twitter_card":"summary_large_image","twitter_misc":{"Dur\u00e9e de lecture estim\u00e9e":"2 minutes"},"schema":{"@context":"https:\/\/schema.org","@graph":[{"@type":"WebPage","@id":"https:\/\/rhodium-conseil.fr\/index.php\/solutions\/workshop-3\/","url":"https:\/\/rhodium-conseil.fr\/index.php\/solutions\/workshop-3\/","name":"Workshop 3 - RHODIUM Conseil","isPartOf":{"@id":"https:\/\/rhodium-conseil.fr\/#website"},"primaryImageOfPage":{"@id":"https:\/\/rhodium-conseil.fr\/index.php\/solutions\/workshop-3\/#primaryimage"},"image":{"@id":"https:\/\/rhodium-conseil.fr\/index.php\/solutions\/workshop-3\/#primaryimage"},"thumbnailUrl":"https:\/\/rhodium-conseil.fr\/wp-content\/uploads\/2022\/11\/Workshop-3-400_380_30012022.jpg","datePublished":"2022-11-22T14:33:55+00:00","dateModified":"2026-02-23T09:19:56+00:00","breadcrumb":{"@id":"https:\/\/rhodium-conseil.fr\/index.php\/solutions\/workshop-3\/#breadcrumb"},"inLanguage":"fr-FR","potentialAction":[{"@type":"ReadAction","target":["https:\/\/rhodium-conseil.fr\/index.php\/solutions\/workshop-3\/"]}]},{"@type":"ImageObject","inLanguage":"fr-FR","@id":"https:\/\/rhodium-conseil.fr\/index.php\/solutions\/workshop-3\/#primaryimage","url":"https:\/\/rhodium-conseil.fr\/wp-content\/uploads\/2022\/11\/Workshop-3-400_380_30012022.jpg","contentUrl":"https:\/\/rhodium-conseil.fr\/wp-content\/uploads\/2022\/11\/Workshop-3-400_380_30012022.jpg","width":400,"height":380},{"@type":"BreadcrumbList","@id":"https:\/\/rhodium-conseil.fr\/index.php\/solutions\/workshop-3\/#breadcrumb","itemListElement":[{"@type":"ListItem","position":1,"name":"Accueil","item":"https:\/\/rhodium-conseil.fr\/"},{"@type":"ListItem","position":2,"name":"Solutions","item":"https:\/\/rhodium-conseil.fr\/index.php\/solutions\/"},{"@type":"ListItem","position":3,"name":"Workshop 3"}]},{"@type":"WebSite","@id":"https:\/\/rhodium-conseil.fr\/#website","url":"https:\/\/rhodium-conseil.fr\/","name":"RHODIUM Conseil","description":"Accompagnez et transformez vos ressources !","publisher":{"@id":"https:\/\/rhodium-conseil.fr\/#organization"},"potentialAction":[{"@type":"SearchAction","target":{"@type":"EntryPoint","urlTemplate":"https:\/\/rhodium-conseil.fr\/?s={search_term_string}"},"query-input":{"@type":"PropertyValueSpecification","valueRequired":true,"valueName":"search_term_string"}}],"inLanguage":"fr-FR"},{"@type":"Organization","@id":"https:\/\/rhodium-conseil.fr\/#organization","name":"RHODIUM Conseil","url":"https:\/\/rhodium-conseil.fr\/","logo":{"@type":"ImageObject","inLanguage":"fr-FR","@id":"https:\/\/rhodium-conseil.fr\/#\/schema\/logo\/image\/","url":"https:\/\/rhodium-conseil.fr\/wp-content\/uploads\/2024\/06\/cropped-logo_rhodium_conseil.jpg","contentUrl":"https:\/\/rhodium-conseil.fr\/wp-content\/uploads\/2024\/06\/cropped-logo_rhodium_conseil.jpg","width":512,"height":512,"caption":"RHODIUM Conseil"},"image":{"@id":"https:\/\/rhodium-conseil.fr\/#\/schema\/logo\/image\/"},"sameAs":["https:\/\/www.facebook.com\/profile.php?id=61559176793485&locale=fr_FR","https:\/\/www.linkedin.com\/company\/rhodium-conseil\/"]}]}},"_links":{"self":[{"href":"https:\/\/rhodium-conseil.fr\/index.php\/wp-json\/wp\/v2\/pages\/595","targetHints":{"allow":["GET"]}}],"collection":[{"href":"https:\/\/rhodium-conseil.fr\/index.php\/wp-json\/wp\/v2\/pages"}],"about":[{"href":"https:\/\/rhodium-conseil.fr\/index.php\/wp-json\/wp\/v2\/types\/page"}],"author":[{"embeddable":true,"href":"https:\/\/rhodium-conseil.fr\/index.php\/wp-json\/wp\/v2\/users\/1"}],"replies":[{"embeddable":true,"href":"https:\/\/rhodium-conseil.fr\/index.php\/wp-json\/wp\/v2\/comments?post=595"}],"version-history":[{"count":126,"href":"https:\/\/rhodium-conseil.fr\/index.php\/wp-json\/wp\/v2\/pages\/595\/revisions"}],"predecessor-version":[{"id":2687,"href":"https:\/\/rhodium-conseil.fr\/index.php\/wp-json\/wp\/v2\/pages\/595\/revisions\/2687"}],"up":[{"embeddable":true,"href":"https:\/\/rhodium-conseil.fr\/index.php\/wp-json\/wp\/v2\/pages\/55"}],"wp:featuredmedia":[{"embeddable":true,"href":"https:\/\/rhodium-conseil.fr\/index.php\/wp-json\/wp\/v2\/media\/598"}],"wp:attachment":[{"href":"https:\/\/rhodium-conseil.fr\/index.php\/wp-json\/wp\/v2\/media?parent=595"}],"curies":[{"name":"wp","href":"https:\/\/api.w.org\/{rel}","templated":true}]}}