{"id":2542,"date":"2026-01-27T10:40:50","date_gmt":"2026-01-27T09:40:50","guid":{"rendered":"https:\/\/rhodium-conseil.fr\/?page_id=2542"},"modified":"2026-02-23T10:17:30","modified_gmt":"2026-02-23T09:17:30","slug":"roc-experientiel-parcours-complet","status":"publish","type":"page","link":"https:\/\/rhodium-conseil.fr\/index.php\/roc-experientiel-parcours-complet\/","title":{"rendered":"ROC Exp\u00e9rientiel \u2013 Parcours complet"},"content":{"rendered":"\t\t<div data-elementor-type=\"wp-page\" data-elementor-id=\"2542\" class=\"elementor elementor-2542\">\n\t\t\t\t<div class=\"elementor-element elementor-element-2c2f38a e-flex e-con-boxed e-con e-parent\" data-id=\"2c2f38a\" data-element_type=\"container\" data-e-type=\"container\">\n\t\t\t\t\t<div class=\"e-con-inner\">\n\t\t\t\t<div class=\"elementor-element elementor-element-820a3c1 elementor-widget elementor-widget-heading\" data-id=\"820a3c1\" data-element_type=\"widget\" data-e-type=\"widget\" data-widget_type=\"heading.default\">\n\t\t\t\t<div class=\"elementor-widget-container\">\n\t\t\t\t\t<h1 class=\"elementor-heading-title elementor-size-default\">ROC Exp\u00e9rientiel<\/h1>\t\t\t\t<\/div>\n\t\t\t\t<\/div>\n\t\t\t\t\t<\/div>\n\t\t\t\t<\/div>\n\t\t<div class=\"elementor-element elementor-element-c89bf92 e-flex e-con-boxed e-con e-parent\" data-id=\"c89bf92\" data-element_type=\"container\" data-e-type=\"container\">\n\t\t\t\t\t<div class=\"e-con-inner\">\n\t\t\t\t<div class=\"elementor-element elementor-element-35ca7d2 elementor-widget elementor-widget-text-editor\" data-id=\"35ca7d2\" data-element_type=\"widget\" data-e-type=\"widget\" data-widget_type=\"text-editor.default\">\n\t\t\t\t<div class=\"elementor-widget-container\">\n\t\t\t\t\t\t\t\t\t<h2 style=\"text-align: center;\" data-start=\"142\" data-end=\"189\">Parcours de transformation<\/h2><p style=\"text-align: center;\" data-start=\"191\" data-end=\"271\">Cr\u00e9er un d\u00e9clic fort et incarn\u00e9 sur la posture, le leadership et la coop\u00e9ration.<\/p><p style=\"text-align: center;\" data-start=\"273\" data-end=\"420\">ROC Exp\u00e9rientiel s\u2019adresse aux \u00e9quipes, CODIR et managers confront\u00e9s \u00e0 des phases de transformation, de tension ou de repositionnement strat\u00e9gique.<\/p>\t\t\t\t\t\t\t\t<\/div>\n\t\t\t\t<\/div>\n\t\t\t\t\t<\/div>\n\t\t\t\t<\/div>\n\t\t<div class=\"elementor-element elementor-element-e8fcf1c e-grid e-con-boxed e-con e-parent\" data-id=\"e8fcf1c\" data-element_type=\"container\" data-e-type=\"container\">\n\t\t\t\t\t<div class=\"e-con-inner\">\n\t\t\t\t<div class=\"elementor-element elementor-element-9f2362c elementor-widget elementor-widget-text-editor\" data-id=\"9f2362c\" data-element_type=\"widget\" data-e-type=\"widget\" data-widget_type=\"text-editor.default\">\n\t\t\t\t<div class=\"elementor-widget-container\">\n\t\t\t\t\t\t\t\t\t<h4 style=\"text-align: center;\" data-start=\"697\" data-end=\"719\">Pour quels enjeux ?<\/h4><p data-start=\"721\" data-end=\"730\">Lorsque :<\/p><ul data-start=\"732\" data-end=\"931\"><li data-start=\"732\" data-end=\"780\"><p data-start=\"734\" data-end=\"780\">les tensions persistent malgr\u00e9 les \u00e9changes,<\/p><\/li><li data-start=\"781\" data-end=\"832\"><p data-start=\"783\" data-end=\"832\">les d\u00e9cisions ne sont pas pleinement incarn\u00e9es,<\/p><\/li><li data-start=\"833\" data-end=\"880\"><p data-start=\"835\" data-end=\"880\">la posture manag\u00e9riale manque d\u2019alignement,<\/p><\/li><li data-start=\"881\" data-end=\"931\"><p data-start=\"883\" data-end=\"931\">un collectif doit franchir une \u00e9tape importante.<\/p><\/li><\/ul>\t\t\t\t\t\t\t\t<\/div>\n\t\t\t\t<\/div>\n\t\t\t\t<div class=\"elementor-element elementor-element-5dada11 elementor-widget elementor-widget-image\" data-id=\"5dada11\" data-element_type=\"widget\" data-e-type=\"widget\" data-widget_type=\"image.default\">\n\t\t\t\t<div class=\"elementor-widget-container\">\n\t\t\t\t\t\t\t\t\t\t\t\t\t\t\t<img fetchpriority=\"high\" decoding=\"async\" width=\"1024\" height=\"768\" src=\"https:\/\/rhodium-conseil.fr\/wp-content\/uploads\/2026\/01\/WhatsApp-Image-2025-07-08-at-09.08.50-1024x768.jpeg\" class=\"attachment-large size-large wp-image-2524\" alt=\"\" srcset=\"https:\/\/rhodium-conseil.fr\/wp-content\/uploads\/2026\/01\/WhatsApp-Image-2025-07-08-at-09.08.50-1024x768.jpeg 1024w, https:\/\/rhodium-conseil.fr\/wp-content\/uploads\/2026\/01\/WhatsApp-Image-2025-07-08-at-09.08.50-300x225.jpeg 300w, https:\/\/rhodium-conseil.fr\/wp-content\/uploads\/2026\/01\/WhatsApp-Image-2025-07-08-at-09.08.50-768x576.jpeg 768w, https:\/\/rhodium-conseil.fr\/wp-content\/uploads\/2026\/01\/WhatsApp-Image-2025-07-08-at-09.08.50-1536x1152.jpeg 1536w, https:\/\/rhodium-conseil.fr\/wp-content\/uploads\/2026\/01\/WhatsApp-Image-2025-07-08-at-09.08.50.jpeg 2032w\" sizes=\"(max-width: 1024px) 100vw, 1024px\" \/>\t\t\t\t\t\t\t\t\t\t\t\t\t\t\t<\/div>\n\t\t\t\t<\/div>\n\t\t\t\t<div class=\"elementor-element elementor-element-8faa03d elementor-widget elementor-widget-text-editor\" data-id=\"8faa03d\" data-element_type=\"widget\" data-e-type=\"widget\" data-widget_type=\"text-editor.default\">\n\t\t\t\t<div class=\"elementor-widget-container\">\n\t\t\t\t\t\t\t\t\t<h4 style=\"text-align: center;\" data-start=\"938\" data-end=\"957\">Le parcours<\/h4><ul><li style=\"list-style-type: none;\"><ul><li style=\"list-style-type: none;\"><ul><li style=\"list-style-type: none;\"><ul data-start=\"959\" data-end=\"1152\"><li data-start=\"959\" data-end=\"986\"><p data-start=\"961\" data-end=\"986\">Diagnostic ROC en amont<\/p><\/li><li data-start=\"987\" data-end=\"1041\"><p data-start=\"989\" data-end=\"1041\">1 journ\u00e9e d\u2019\u00e9quicoaching (temps fort exp\u00e9rientiel)<\/p><\/li><li data-start=\"1042\" data-end=\"1103\"><p data-start=\"1044\" data-end=\"1103\">Coaching individuel des managers (en amont et\/ou en aval)<\/p><\/li><li data-start=\"1104\" data-end=\"1152\"><p data-start=\"1106\" data-end=\"1152\">Atelier collectif compl\u00e9mentaire si n\u00e9cessaire<\/p><\/li><\/ul><\/li><\/ul><\/li><\/ul><\/li><\/ul><p data-start=\"1154\" data-end=\"1203\">Chaque parcours est ajust\u00e9 aux enjeux identifi\u00e9s.<\/p>\t\t\t\t\t\t\t\t<\/div>\n\t\t\t\t<\/div>\n\t\t\t\t\t<\/div>\n\t\t\t\t<\/div>\n\t\t<div class=\"elementor-element elementor-element-08bfabe e-flex e-con-boxed e-con e-parent\" data-id=\"08bfabe\" data-element_type=\"container\" data-e-type=\"container\">\n\t\t\t\t\t<div class=\"e-con-inner\">\n\t\t\t\t<div class=\"elementor-element elementor-element-05ce0e3 elementor-widget elementor-widget-text-editor\" data-id=\"05ce0e3\" data-element_type=\"widget\" data-e-type=\"widget\" data-widget_type=\"text-editor.default\">\n\t\t\t\t<div class=\"elementor-widget-container\">\n\t\t\t\t\t\t\t\t\t<h4 style=\"text-align: center;\" data-start=\"1210\" data-end=\"1231\">Les b\u00e9n\u00e9fices<\/h4><p style=\"text-align: center;\">Prises de conscience imm\u00e9diates<\/p><p style=\"text-align: center;\">Leadership plus align\u00e9 et incarn\u00e9<\/p><p style=\"text-align: center;\">Coop\u00e9ration renforc\u00e9e<\/p><p style=\"text-align: center;\">Ancrage durable des changements<\/p>\t\t\t\t\t\t\t\t<\/div>\n\t\t\t\t<\/div>\n\t\t\t\t\t<\/div>\n\t\t\t\t<\/div>\n\t\t<div class=\"elementor-element elementor-element-082cd12 e-flex e-con-boxed e-con e-parent\" data-id=\"082cd12\" data-element_type=\"container\" data-e-type=\"container\">\n\t\t\t\t\t<div class=\"e-con-inner\">\n\t\t\t\t<div class=\"elementor-element elementor-element-ce1a55e elementor-invisible elementor-widget elementor-widget-button\" data-id=\"ce1a55e\" data-element_type=\"widget\" data-e-type=\"widget\" data-settings=\"{&quot;_animation&quot;:&quot;rubberBand&quot;}\" data-widget_type=\"button.default\">\n\t\t\t\t<div class=\"elementor-widget-container\">\n\t\t\t\t\t\t\t\t\t<div class=\"elementor-button-wrapper\">\n\t\t\t\t\t<a class=\"elementor-button elementor-button-link elementor-size-sm\" href=\"https:\/\/calendar.app.google\/Fj1oCPMuKygdoDJS6\">\n\t\t\t\t\t\t<span class=\"elementor-button-content-wrapper\">\n\t\t\t\t\t\t\t\t\t<span class=\"elementor-button-text\">Demandez un \u00e9change exploratoire<\/span>\n\t\t\t\t\t<\/span>\n\t\t\t\t\t<\/a>\n\t\t\t\t<\/div>\n\t\t\t\t\t\t\t\t<\/div>\n\t\t\t\t<\/div>\n\t\t\t\t\t<\/div>\n\t\t\t\t<\/div>\n\t\t\t\t<\/div>\n\t\t","protected":false},"excerpt":{"rendered":"<p>ROC Exp\u00e9rientiel Parcours de transformation Cr\u00e9er un d\u00e9clic fort et incarn\u00e9 sur la posture, le leadership et la coop\u00e9ration. ROC Exp\u00e9rientiel s\u2019adresse aux \u00e9quipes, CODIR et managers confront\u00e9s \u00e0 des phases de transformation, de tension ou de repositionnement strat\u00e9gique. Pour quels enjeux ? Lorsque : les tensions persistent malgr\u00e9 les \u00e9changes, les d\u00e9cisions ne sont&hellip;&nbsp;<a href=\"https:\/\/rhodium-conseil.fr\/index.php\/roc-experientiel-parcours-complet\/\" rel=\"bookmark\">Lire la suite &raquo;<span class=\"screen-reader-text\">ROC Exp\u00e9rientiel \u2013 Parcours complet<\/span><\/a><\/p>\n","protected":false},"author":1,"featured_media":0,"parent":0,"menu_order":0,"comment_status":"closed","ping_status":"closed","template":"page-templates\/template-pagebuilder-full-width.php","meta":{"neve_meta_sidebar":"","neve_meta_container":"","neve_meta_enable_content_width":"","neve_meta_content_width":0,"neve_meta_title_alignment":"","neve_meta_author_avatar":"","neve_post_elements_order":"","neve_meta_disable_header":"","neve_meta_disable_footer":"","neve_meta_disable_title":"","footnotes":""},"class_list":["post-2542","page","type-page","status-publish","hentry"],"yoast_head":"<!-- This site is optimized with the Yoast SEO plugin v27.4 - https:\/\/yoast.com\/product\/yoast-seo-wordpress\/ -->\n<title>ROC Exp\u00e9rientiel \u2013 Parcours complet - RHODIUM Conseil<\/title>\n<meta name=\"robots\" content=\"index, follow, max-snippet:-1, max-image-preview:large, max-video-preview:-1\" \/>\n<link rel=\"canonical\" href=\"https:\/\/rhodium-conseil.fr\/index.php\/roc-experientiel-parcours-complet\/\" \/>\n<meta property=\"og:locale\" content=\"fr_FR\" \/>\n<meta property=\"og:type\" content=\"article\" \/>\n<meta property=\"og:title\" content=\"ROC Exp\u00e9rientiel \u2013 Parcours complet - RHODIUM Conseil\" \/>\n<meta property=\"og:description\" content=\"ROC Exp\u00e9rientiel Parcours de transformation Cr\u00e9er un d\u00e9clic fort et incarn\u00e9 sur la posture, le leadership et la coop\u00e9ration. ROC Exp\u00e9rientiel s\u2019adresse aux \u00e9quipes, CODIR et managers confront\u00e9s \u00e0 des phases de transformation, de tension ou de repositionnement strat\u00e9gique. Pour quels enjeux ? Lorsque : les tensions persistent malgr\u00e9 les \u00e9changes, les d\u00e9cisions ne sont&hellip;&nbsp;Lire la suite &raquo;ROC Exp\u00e9rientiel \u2013 Parcours complet\" \/>\n<meta property=\"og:url\" content=\"https:\/\/rhodium-conseil.fr\/index.php\/roc-experientiel-parcours-complet\/\" \/>\n<meta property=\"og:site_name\" content=\"RHODIUM Conseil\" \/>\n<meta property=\"article:publisher\" content=\"https:\/\/www.facebook.com\/profile.php?id=61559176793485&amp;locale=fr_FR\" \/>\n<meta property=\"article:modified_time\" content=\"2026-02-23T09:17:30+00:00\" \/>\n<meta property=\"og:image\" content=\"https:\/\/rhodium-conseil.fr\/wp-content\/uploads\/2026\/01\/WhatsApp-Image-2025-07-08-at-09.08.50.jpeg\" \/>\n\t<meta property=\"og:image:width\" content=\"2032\" \/>\n\t<meta property=\"og:image:height\" content=\"1524\" \/>\n\t<meta property=\"og:image:type\" content=\"image\/jpeg\" \/>\n<meta name=\"twitter:card\" content=\"summary_large_image\" \/>\n<meta name=\"twitter:label1\" content=\"Dur\u00e9e de lecture estim\u00e9e\" \/>\n\t<meta name=\"twitter:data1\" content=\"1 minute\" \/>\n<script type=\"application\/ld+json\" class=\"yoast-schema-graph\">{\"@context\":\"https:\\\/\\\/schema.org\",\"@graph\":[{\"@type\":\"WebPage\",\"@id\":\"https:\\\/\\\/rhodium-conseil.fr\\\/index.php\\\/roc-experientiel-parcours-complet\\\/\",\"url\":\"https:\\\/\\\/rhodium-conseil.fr\\\/index.php\\\/roc-experientiel-parcours-complet\\\/\",\"name\":\"ROC Exp\u00e9rientiel \u2013 Parcours complet - RHODIUM Conseil\",\"isPartOf\":{\"@id\":\"https:\\\/\\\/rhodium-conseil.fr\\\/#website\"},\"primaryImageOfPage\":{\"@id\":\"https:\\\/\\\/rhodium-conseil.fr\\\/index.php\\\/roc-experientiel-parcours-complet\\\/#primaryimage\"},\"image\":{\"@id\":\"https:\\\/\\\/rhodium-conseil.fr\\\/index.php\\\/roc-experientiel-parcours-complet\\\/#primaryimage\"},\"thumbnailUrl\":\"https:\\\/\\\/rhodium-conseil.fr\\\/wp-content\\\/uploads\\\/2026\\\/01\\\/WhatsApp-Image-2025-07-08-at-09.08.50-1024x768.jpeg\",\"datePublished\":\"2026-01-27T09:40:50+00:00\",\"dateModified\":\"2026-02-23T09:17:30+00:00\",\"breadcrumb\":{\"@id\":\"https:\\\/\\\/rhodium-conseil.fr\\\/index.php\\\/roc-experientiel-parcours-complet\\\/#breadcrumb\"},\"inLanguage\":\"fr-FR\",\"potentialAction\":[{\"@type\":\"ReadAction\",\"target\":[\"https:\\\/\\\/rhodium-conseil.fr\\\/index.php\\\/roc-experientiel-parcours-complet\\\/\"]}]},{\"@type\":\"ImageObject\",\"inLanguage\":\"fr-FR\",\"@id\":\"https:\\\/\\\/rhodium-conseil.fr\\\/index.php\\\/roc-experientiel-parcours-complet\\\/#primaryimage\",\"url\":\"https:\\\/\\\/rhodium-conseil.fr\\\/wp-content\\\/uploads\\\/2026\\\/01\\\/WhatsApp-Image-2025-07-08-at-09.08.50.jpeg\",\"contentUrl\":\"https:\\\/\\\/rhodium-conseil.fr\\\/wp-content\\\/uploads\\\/2026\\\/01\\\/WhatsApp-Image-2025-07-08-at-09.08.50.jpeg\",\"width\":2032,\"height\":1524},{\"@type\":\"BreadcrumbList\",\"@id\":\"https:\\\/\\\/rhodium-conseil.fr\\\/index.php\\\/roc-experientiel-parcours-complet\\\/#breadcrumb\",\"itemListElement\":[{\"@type\":\"ListItem\",\"position\":1,\"name\":\"Accueil\",\"item\":\"https:\\\/\\\/rhodium-conseil.fr\\\/\"},{\"@type\":\"ListItem\",\"position\":2,\"name\":\"ROC Exp\u00e9rientiel \u2013 Parcours complet\"}]},{\"@type\":\"WebSite\",\"@id\":\"https:\\\/\\\/rhodium-conseil.fr\\\/#website\",\"url\":\"https:\\\/\\\/rhodium-conseil.fr\\\/\",\"name\":\"RHODIUM Conseil\",\"description\":\"Accompagnez et transformez vos ressources !\",\"publisher\":{\"@id\":\"https:\\\/\\\/rhodium-conseil.fr\\\/#organization\"},\"potentialAction\":[{\"@type\":\"SearchAction\",\"target\":{\"@type\":\"EntryPoint\",\"urlTemplate\":\"https:\\\/\\\/rhodium-conseil.fr\\\/?s={search_term_string}\"},\"query-input\":{\"@type\":\"PropertyValueSpecification\",\"valueRequired\":true,\"valueName\":\"search_term_string\"}}],\"inLanguage\":\"fr-FR\"},{\"@type\":\"Organization\",\"@id\":\"https:\\\/\\\/rhodium-conseil.fr\\\/#organization\",\"name\":\"RHODIUM Conseil\",\"url\":\"https:\\\/\\\/rhodium-conseil.fr\\\/\",\"logo\":{\"@type\":\"ImageObject\",\"inLanguage\":\"fr-FR\",\"@id\":\"https:\\\/\\\/rhodium-conseil.fr\\\/#\\\/schema\\\/logo\\\/image\\\/\",\"url\":\"https:\\\/\\\/rhodium-conseil.fr\\\/wp-content\\\/uploads\\\/2024\\\/06\\\/cropped-logo_rhodium_conseil.jpg\",\"contentUrl\":\"https:\\\/\\\/rhodium-conseil.fr\\\/wp-content\\\/uploads\\\/2024\\\/06\\\/cropped-logo_rhodium_conseil.jpg\",\"width\":512,\"height\":512,\"caption\":\"RHODIUM Conseil\"},\"image\":{\"@id\":\"https:\\\/\\\/rhodium-conseil.fr\\\/#\\\/schema\\\/logo\\\/image\\\/\"},\"sameAs\":[\"https:\\\/\\\/www.facebook.com\\\/profile.php?id=61559176793485&locale=fr_FR\",\"https:\\\/\\\/www.linkedin.com\\\/company\\\/rhodium-conseil\\\/\"]}]}<\/script>\n<!-- \/ Yoast SEO plugin. -->","yoast_head_json":{"title":"ROC Exp\u00e9rientiel \u2013 Parcours complet - RHODIUM Conseil","robots":{"index":"index","follow":"follow","max-snippet":"max-snippet:-1","max-image-preview":"max-image-preview:large","max-video-preview":"max-video-preview:-1"},"canonical":"https:\/\/rhodium-conseil.fr\/index.php\/roc-experientiel-parcours-complet\/","og_locale":"fr_FR","og_type":"article","og_title":"ROC Exp\u00e9rientiel \u2013 Parcours complet - RHODIUM Conseil","og_description":"ROC Exp\u00e9rientiel Parcours de transformation Cr\u00e9er un d\u00e9clic fort et incarn\u00e9 sur la posture, le leadership et la coop\u00e9ration. ROC Exp\u00e9rientiel s\u2019adresse aux \u00e9quipes, CODIR et managers confront\u00e9s \u00e0 des phases de transformation, de tension ou de repositionnement strat\u00e9gique. Pour quels enjeux ? Lorsque : les tensions persistent malgr\u00e9 les \u00e9changes, les d\u00e9cisions ne sont&hellip;&nbsp;Lire la suite &raquo;ROC Exp\u00e9rientiel \u2013 Parcours complet","og_url":"https:\/\/rhodium-conseil.fr\/index.php\/roc-experientiel-parcours-complet\/","og_site_name":"RHODIUM Conseil","article_publisher":"https:\/\/www.facebook.com\/profile.php?id=61559176793485&locale=fr_FR","article_modified_time":"2026-02-23T09:17:30+00:00","og_image":[{"width":2032,"height":1524,"url":"https:\/\/rhodium-conseil.fr\/wp-content\/uploads\/2026\/01\/WhatsApp-Image-2025-07-08-at-09.08.50.jpeg","type":"image\/jpeg"}],"twitter_card":"summary_large_image","twitter_misc":{"Dur\u00e9e de lecture estim\u00e9e":"1 minute"},"schema":{"@context":"https:\/\/schema.org","@graph":[{"@type":"WebPage","@id":"https:\/\/rhodium-conseil.fr\/index.php\/roc-experientiel-parcours-complet\/","url":"https:\/\/rhodium-conseil.fr\/index.php\/roc-experientiel-parcours-complet\/","name":"ROC Exp\u00e9rientiel \u2013 Parcours complet - RHODIUM Conseil","isPartOf":{"@id":"https:\/\/rhodium-conseil.fr\/#website"},"primaryImageOfPage":{"@id":"https:\/\/rhodium-conseil.fr\/index.php\/roc-experientiel-parcours-complet\/#primaryimage"},"image":{"@id":"https:\/\/rhodium-conseil.fr\/index.php\/roc-experientiel-parcours-complet\/#primaryimage"},"thumbnailUrl":"https:\/\/rhodium-conseil.fr\/wp-content\/uploads\/2026\/01\/WhatsApp-Image-2025-07-08-at-09.08.50-1024x768.jpeg","datePublished":"2026-01-27T09:40:50+00:00","dateModified":"2026-02-23T09:17:30+00:00","breadcrumb":{"@id":"https:\/\/rhodium-conseil.fr\/index.php\/roc-experientiel-parcours-complet\/#breadcrumb"},"inLanguage":"fr-FR","potentialAction":[{"@type":"ReadAction","target":["https:\/\/rhodium-conseil.fr\/index.php\/roc-experientiel-parcours-complet\/"]}]},{"@type":"ImageObject","inLanguage":"fr-FR","@id":"https:\/\/rhodium-conseil.fr\/index.php\/roc-experientiel-parcours-complet\/#primaryimage","url":"https:\/\/rhodium-conseil.fr\/wp-content\/uploads\/2026\/01\/WhatsApp-Image-2025-07-08-at-09.08.50.jpeg","contentUrl":"https:\/\/rhodium-conseil.fr\/wp-content\/uploads\/2026\/01\/WhatsApp-Image-2025-07-08-at-09.08.50.jpeg","width":2032,"height":1524},{"@type":"BreadcrumbList","@id":"https:\/\/rhodium-conseil.fr\/index.php\/roc-experientiel-parcours-complet\/#breadcrumb","itemListElement":[{"@type":"ListItem","position":1,"name":"Accueil","item":"https:\/\/rhodium-conseil.fr\/"},{"@type":"ListItem","position":2,"name":"ROC Exp\u00e9rientiel \u2013 Parcours complet"}]},{"@type":"WebSite","@id":"https:\/\/rhodium-conseil.fr\/#website","url":"https:\/\/rhodium-conseil.fr\/","name":"RHODIUM Conseil","description":"Accompagnez et transformez vos ressources !","publisher":{"@id":"https:\/\/rhodium-conseil.fr\/#organization"},"potentialAction":[{"@type":"SearchAction","target":{"@type":"EntryPoint","urlTemplate":"https:\/\/rhodium-conseil.fr\/?s={search_term_string}"},"query-input":{"@type":"PropertyValueSpecification","valueRequired":true,"valueName":"search_term_string"}}],"inLanguage":"fr-FR"},{"@type":"Organization","@id":"https:\/\/rhodium-conseil.fr\/#organization","name":"RHODIUM Conseil","url":"https:\/\/rhodium-conseil.fr\/","logo":{"@type":"ImageObject","inLanguage":"fr-FR","@id":"https:\/\/rhodium-conseil.fr\/#\/schema\/logo\/image\/","url":"https:\/\/rhodium-conseil.fr\/wp-content\/uploads\/2024\/06\/cropped-logo_rhodium_conseil.jpg","contentUrl":"https:\/\/rhodium-conseil.fr\/wp-content\/uploads\/2024\/06\/cropped-logo_rhodium_conseil.jpg","width":512,"height":512,"caption":"RHODIUM Conseil"},"image":{"@id":"https:\/\/rhodium-conseil.fr\/#\/schema\/logo\/image\/"},"sameAs":["https:\/\/www.facebook.com\/profile.php?id=61559176793485&locale=fr_FR","https:\/\/www.linkedin.com\/company\/rhodium-conseil\/"]}]}},"_links":{"self":[{"href":"https:\/\/rhodium-conseil.fr\/index.php\/wp-json\/wp\/v2\/pages\/2542","targetHints":{"allow":["GET"]}}],"collection":[{"href":"https:\/\/rhodium-conseil.fr\/index.php\/wp-json\/wp\/v2\/pages"}],"about":[{"href":"https:\/\/rhodium-conseil.fr\/index.php\/wp-json\/wp\/v2\/types\/page"}],"author":[{"embeddable":true,"href":"https:\/\/rhodium-conseil.fr\/index.php\/wp-json\/wp\/v2\/users\/1"}],"replies":[{"embeddable":true,"href":"https:\/\/rhodium-conseil.fr\/index.php\/wp-json\/wp\/v2\/comments?post=2542"}],"version-history":[{"count":7,"href":"https:\/\/rhodium-conseil.fr\/index.php\/wp-json\/wp\/v2\/pages\/2542\/revisions"}],"predecessor-version":[{"id":2684,"href":"https:\/\/rhodium-conseil.fr\/index.php\/wp-json\/wp\/v2\/pages\/2542\/revisions\/2684"}],"wp:attachment":[{"href":"https:\/\/rhodium-conseil.fr\/index.php\/wp-json\/wp\/v2\/media?parent=2542"}],"curies":[{"name":"wp","href":"https:\/\/api.w.org\/{rel}","templated":true}]}}